{"id":1331,"date":"2018-10-31T23:19:05","date_gmt":"2018-10-31T22:19:05","guid":{"rendered":"https:\/\/protectoris.fr\/?post_type=product&#038;p=1331"},"modified":"2023-11-23T17:26:32","modified_gmt":"2023-11-23T16:26:32","slug":"option-volet-somfy-io-achat","status":"publish","type":"product","link":"https:\/\/protectoris.fr\/index.php\/produit\/option-volet-somfy-io-achat\/","title":{"rendered":"Option Volet Somfy IO &#8211; Achat"},"content":{"rendered":"<ul>\n<li>Permet de monter ou descendre 1 groupe de volets par \u00e9v\u00e9nement.<\/li>\n<li>Un \u00e9v\u00e9nement s\u00e9lectionnable\u00a0parmi plusieurs :\n<ul>\n<li>Mise en marche<\/li>\n<li>Mise \u00e0 l\u2019arr\u00eat<\/li>\n<li>D\u00e9clenchement de l\u2019alarme<\/li>\n<li>Erreur de code<\/li>\n<\/ul>\n<\/li>\n<li>Action (monter ou descendre) programmable<\/li>\n<li>Protocole RTS ou IO \u00e0 pr\u00e9ciser lors de votre commande<\/li>\n<\/ul>\n<div id=\"themify_builder_content-1331\" data-postid=\"1331\" class=\"themify_builder_content themify_builder_content-1331 themify_builder\">\n\n    <\/div>\n<!-- \/themify_builder_content -->","protected":false},"excerpt":{"rendered":"<ul>\n<li>Permet de monter ou descendre 1 groupe de volets par \u00e9v\u00e9nement.<\/li>\n<li>Un \u00e9v\u00e9nement s\u00e9lectionnable\u00a0parmi plusieurs :\n<ul>\n<li>Mise en marche<\/li>\n<li>Mise \u00e0 l\u2019arr\u00eat<\/li>\n<li>D\u00e9clenchement de l\u2019alarme<\/li>\n<li>Erreur de code<\/li>\n<\/ul>\n<\/li>\n<li>Action (monter ou descendre) programmable<\/li>\n<li>Protocole RTS ou IO \u00e0 pr\u00e9ciser lors de votre commande<\/li>\n<\/ul>\n","protected":false},"featured_media":1393,"template":"","meta":[],"_links":{"self":[{"href":"https:\/\/protectoris.fr\/index.php\/wp-json\/wp\/v2\/product\/1331"}],"collection":[{"href":"https:\/\/protectoris.fr\/index.php\/wp-json\/wp\/v2\/product"}],"about":[{"href":"https:\/\/protectoris.fr\/index.php\/wp-json\/wp\/v2\/types\/product"}],"wp:featuredmedia":[{"embeddable":true,"href":"https:\/\/protectoris.fr\/index.php\/wp-json\/wp\/v2\/media\/1393"}],"wp:attachment":[{"href":"https:\/\/protectoris.fr\/index.php\/wp-json\/wp\/v2\/media?parent=1331"}],"curies":[{"name":"wp","href":"https:\/\/api.w.org\/{rel}","templated":true}]}}