{"id":2098,"date":"2019-03-11T11:02:01","date_gmt":"2019-03-11T10:02:01","guid":{"rendered":"https:\/\/protectoris.fr\/?post_type=product&#038;p=2098"},"modified":"2023-11-23T14:34:23","modified_gmt":"2023-11-23T13:34:23","slug":"kit-standard-animaux","status":"publish","type":"product","link":"https:\/\/protectoris.fr\/index.php\/produit\/kit-standard-animaux\/","title":{"rendered":"Kit Standard (Sp\u00e9cial Animaux) &#8211; Location"},"content":{"rendered":"<div id=\"themify_builder_content-2098\" data-postid=\"2098\" class=\"themify_builder_content themify_builder_content-2098 themify_builder\">\n\n    \n\t\t<!-- module_row -->\n\t\t<div  class=\"themify_builder_row module_row clearfix builder-parallax-scrolling fullwidth module_row_0 themify_builder_2098_row module_row_2098-0\" data-id=\"a046b33\">\n\t\t\t\t\t\t<div class=\"row_inner col_align_top\"   data-basecol=\"3\" data-col_tablet=\"column-full\">\n                                    <div  class=\"module_column tb-column col4-1 first tb_2098_column module_column_0 module_column_2098-0-0\" data-id=\"aa5ed60\" >\n                                        \t\t<\/div>\n\t\t        <div  class=\"module_column tb-column col4-2 middle tb_2098_column module_column_1 module_column_2098-0-1\" data-id=\"bfd0c91\" >\n                                                                <div class=\"tb-column-inner\">\n                            \n\n<!-- module text -->\n<div  id=\"text-2098-0-1-0\" class=\"module module-text text-2098-0-1-0  repeat  \" data-id=\"f1b02b3\">\n    <!--insert-->\n    \n        <h1>DECOUVRIR NOTRE GAMME LOCATION<\/h1>        <\/div>\n<!-- \/module text -->\n\n\n\n    <!-- module buttons -->\n    <div  id=\"buttons-2098-0-1-1\" class=\"module module-buttons buttons-2098-0-1-1  \" data-id=\"b4cffcc\">\n        <!--insert-->\n        \n        <div class=\"module-buttons small solid rounded\">\n                            <div class=\"module-buttons-item  buttons-horizontal\">\n\t\t\t\t\t<a href=\"https:\/\/protectoris.fr\/index.php\/louer\" class=\"ui builder_button gray\" ><span>JE VEUX VOIR<\/span><\/a>                <\/div>\n                    <\/div>\n    <\/div>\n    <!-- \/module buttons -->\n\n                        <\/div>\n                    \t\t<\/div>\n\t\t        <div  class=\"module_column tb-column col4-1 last tb_2098_column module_column_2 module_column_2098-0-2\" data-id=\"438dd98\" >\n                                        \t\t<\/div>\n\t\t                                <\/div>\n                                <!-- \/row_inner -->\n                        <\/div>\n                        <!-- \/module_row -->\n\t\t<\/div>\n","protected":false},"excerpt":{"rendered":"<p>\u2022 1 centrale connect\u00e9e internet avec sir\u00e8ne et module GSM-SMS incorpor\u00e9e<br \/>\n\u2022 Fr\u00e9quence sans fil s\u00e9curis\u00e9e en 868 Mhz pour les syst\u00e8mes haut de gamme<br \/>\n\u2022 Option compatible avec les volets Somfy, Bubendorff et les autres marques en sans fil.<br \/>\n\u2022 1 d\u00e9tecteur de mouvement, sp\u00e9cialement con\u00e7u pour la pr\u00e9sence d&#8217;<span lang=\"FR\">animaux domestiques<\/span><span lang=\"FR\">,\u00a0<\/span>prot\u00e8ge la pi\u00e8ce principale<br \/>\n\u2022 2 t\u00e9l\u00e9commandes<br \/>\n\u2022 2 badges<br \/>\n<a href=\"https:\/\/protectoris.fr\/#Desc\" target=\"_blank\" rel=\"noopener\"><strong>Cliquez ici pour voir la description compl\u00e8te<\/strong><\/a><\/p>\n","protected":false},"featured_media":2097,"template":"","meta":[],"_links":{"self":[{"href":"https:\/\/protectoris.fr\/index.php\/wp-json\/wp\/v2\/product\/2098"}],"collection":[{"href":"https:\/\/protectoris.fr\/index.php\/wp-json\/wp\/v2\/product"}],"about":[{"href":"https:\/\/protectoris.fr\/index.php\/wp-json\/wp\/v2\/types\/product"}],"wp:featuredmedia":[{"embeddable":true,"href":"https:\/\/protectoris.fr\/index.php\/wp-json\/wp\/v2\/media\/2097"}],"wp:attachment":[{"href":"https:\/\/protectoris.fr\/index.php\/wp-json\/wp\/v2\/media?parent=2098"}],"curies":[{"name":"wp","href":"https:\/\/api.w.org\/{rel}","templated":true}]}}